{"id":2859,"date":"2026-04-29T23:00:18","date_gmt":"2026-04-29T23:00:18","guid":{"rendered":"https:\/\/demo.danz.be\/demo\/produit\/pass-mensuel-illimite\/"},"modified":"2026-04-29T23:00:18","modified_gmt":"2026-04-29T23:00:18","slug":"pass-mensuel-illimite","status":"publish","type":"product","link":"https:\/\/demo.danz.be\/demo\/produit\/pass-mensuel-illimite\/","title":{"rendered":"Pass Mensuel illimit\u00e9"},"content":{"rendered":"<p><strong>Pass Mensuel illimit\u00e9<\/strong> : acc\u00e8s illimit\u00e9 \u00e0 tous les cours hebdomadaires de Danz Studio pendant <strong>30 jours<\/strong>.<\/p>\n<ul>\n<li>R\u00e9servation prioritaire en ligne<\/li>\n<li>Pause possible 1 fois par an<\/li>\n<li>QR wallet pour le scanner d&rsquo;entr\u00e9e<\/li>\n<\/ul>\n","protected":false},"excerpt":{"rendered":"<p>Acc\u00e8s illimit\u00e9 \u2014 30 jours de validit\u00e9.<\/p>\n","protected":false},"featured_media":2860,"comment_status":"open","ping_status":"closed","template":"","meta":[],"product_brand":[],"product_cat":[23,24],"product_tag":[],"class_list":{"0":"post-2859","1":"product","2":"type-product","3":"status-publish","4":"has-post-thumbnail","6":"product_cat-abonnements","7":"product_cat-cartes-abonnements","9":"first","10":"instock","11":"virtual","12":"purchasable","13":"product-type-simple"},"_links":{"self":[{"href":"https:\/\/demo.danz.be\/demo\/wp-json\/wp\/v2\/product\/2859","targetHints":{"allow":["GET"]}}],"collection":[{"href":"https:\/\/demo.danz.be\/demo\/wp-json\/wp\/v2\/product"}],"about":[{"href":"https:\/\/demo.danz.be\/demo\/wp-json\/wp\/v2\/types\/product"}],"replies":[{"embeddable":true,"href":"https:\/\/demo.danz.be\/demo\/wp-json\/wp\/v2\/comments?post=2859"}],"wp:featuredmedia":[{"embeddable":true,"href":"https:\/\/demo.danz.be\/demo\/wp-json\/wp\/v2\/media\/2860"}],"wp:attachment":[{"href":"https:\/\/demo.danz.be\/demo\/wp-json\/wp\/v2\/media?parent=2859"}],"wp:term":[{"taxonomy":"product_brand","embeddable":true,"href":"https:\/\/demo.danz.be\/demo\/wp-json\/wp\/v2\/product_brand?post=2859"},{"taxonomy":"product_cat","embeddable":true,"href":"https:\/\/demo.danz.be\/demo\/wp-json\/wp\/v2\/product_cat?post=2859"},{"taxonomy":"product_tag","embeddable":true,"href":"https:\/\/demo.danz.be\/demo\/wp-json\/wp\/v2\/product_tag?post=2859"}],"curies":[{"name":"wp","href":"https:\/\/api.w.org\/{rel}","templated":true}]}}