{"id":2858,"date":"2026-04-29T23:00:18","date_gmt":"2026-04-29T23:00:18","guid":{"rendered":"https:\/\/demo.danz.be\/demo\/produit\/cours-a-lunite\/"},"modified":"2026-04-29T23:00:18","modified_gmt":"2026-04-29T23:00:18","slug":"cours-a-lunite","status":"publish","type":"product","link":"https:\/\/demo.danz.be\/demo\/produit\/cours-a-lunite\/","title":{"rendered":"Cours \u00e0 l&rsquo;unit\u00e9"},"content":{"rendered":"<p><strong>Cours \u00e0 l&#039;unit\u00e9<\/strong> : carte de <strong>1 cours<\/strong> au choix, valable <strong>7 jours<\/strong>.<\/p>\n<ul>\n<li>R\u00e9servable en ligne ou en studio<\/li>\n<li>QR code wallet pour pointage rapide<\/li>\n<li>Compatible toutes disciplines &amp; tous niveaux<\/li>\n<\/ul>\n","protected":false},"excerpt":{"rendered":"<p>1 cours \u00b7 validit\u00e9 7 jours \u00b7 QR wallet inclus.<\/p>\n","protected":false},"featured_media":2856,"comment_status":"open","ping_status":"closed","template":"","meta":[],"product_brand":[],"product_cat":[22,24],"product_tag":[],"class_list":{"0":"post-2858","1":"product","2":"type-product","3":"status-publish","4":"has-post-thumbnail","6":"product_cat-cartes","7":"product_cat-cartes-abonnements","9":"first","10":"instock","11":"virtual","12":"purchasable","13":"product-type-simple"},"_links":{"self":[{"href":"https:\/\/demo.danz.be\/demo\/wp-json\/wp\/v2\/product\/2858","targetHints":{"allow":["GET"]}}],"collection":[{"href":"https:\/\/demo.danz.be\/demo\/wp-json\/wp\/v2\/product"}],"about":[{"href":"https:\/\/demo.danz.be\/demo\/wp-json\/wp\/v2\/types\/product"}],"replies":[{"embeddable":true,"href":"https:\/\/demo.danz.be\/demo\/wp-json\/wp\/v2\/comments?post=2858"}],"wp:featuredmedia":[{"embeddable":true,"href":"https:\/\/demo.danz.be\/demo\/wp-json\/wp\/v2\/media\/2856"}],"wp:attachment":[{"href":"https:\/\/demo.danz.be\/demo\/wp-json\/wp\/v2\/media?parent=2858"}],"wp:term":[{"taxonomy":"product_brand","embeddable":true,"href":"https:\/\/demo.danz.be\/demo\/wp-json\/wp\/v2\/product_brand?post=2858"},{"taxonomy":"product_cat","embeddable":true,"href":"https:\/\/demo.danz.be\/demo\/wp-json\/wp\/v2\/product_cat?post=2858"},{"taxonomy":"product_tag","embeddable":true,"href":"https:\/\/demo.danz.be\/demo\/wp-json\/wp\/v2\/product_tag?post=2858"}],"curies":[{"name":"wp","href":"https:\/\/api.w.org\/{rel}","templated":true}]}}